{"id":84,"date":"2024-06-25T10:08:47","date_gmt":"2024-06-25T08:08:47","guid":{"rendered":"https:\/\/liporca.com\/?page_id=84"},"modified":"2024-08-05T10:37:59","modified_gmt":"2024-08-05T08:37:59","slug":"liporca","status":"publish","type":"page","link":"https:\/\/liporca.com\/gl\/liporca\/","title":{"rendered":"LIPORCA"},"content":{"rendered":"<div class=\"wp-block-cover ocultar-pc-flex\"><span aria-hidden=\"true\" class=\"wp-block-cover__background has-black-background-color has-background-dim-100 has-background-dim\"><\/span><div class=\"wp-block-cover__inner-container is-layout-flow wp-block-cover-is-layout-flow\">\n<div class=\"wp-block-group sin-padding-tlf is-vertical is-nowrap is-layout-flex wp-container-core-group-is-layout-a292524a wp-block-group-is-layout-flex\" style=\"padding-right:8rem;padding-left:8rem\">\n<p class=\"has-text-align-left w-fit-content has-white-background-color has-text-color has-background has-link-color wp-elements-f182da3ae07e2b3e9d6c8ec4c5160fd3\" style=\"color:#0b2659;padding-top:0;padding-right:var(--wp--preset--spacing--20);padding-bottom:0;padding-left:var(--wp--preset--spacing--20);font-size:32px;font-style:normal;font-weight:700\">SI LA GLORIA TIENE<\/p>\n\n\n\n<p class=\"w-fit-content has-white-background-color has-text-color has-background has-link-color wp-elements-b027d84e7091b60ecaf0cf126107438f\" style=\"color:#0b2659;padding-top:0;padding-right:var(--wp--preset--spacing--20);padding-bottom:0;padding-left:var(--wp--preset--spacing--20);font-size:32px;font-style:normal;font-weight:700\">UN SABOR, DEBE<\/p>\n\n\n\n<p class=\"w-fit-content has-white-background-color has-text-color has-background has-link-color wp-elements-be75470fab24db9c25ad213d19bb7f62\" style=\"color:#0b2659;padding-top:0;padding-right:var(--wp--preset--spacing--20);padding-bottom:0;padding-left:var(--wp--preset--spacing--20);font-size:32px;font-style:normal;font-weight:700\">PARECERSE A ESTO<\/p>\n<\/div>\n<\/div><\/div>\n\n\n\n<div class=\"wp-block-cover alignfull is-light has-custom-content-position is-position-bottom-center fondo-altura-tlf\" style=\"margin-top:0;margin-bottom:0;padding-right:var(--wp--preset--spacing--50);padding-left:var(--wp--preset--spacing--50)\"><span aria-hidden=\"true\" class=\"wp-block-cover__background has-black-background-color has-background-dim-20 has-background-dim\"><\/span><img loading=\"lazy\" decoding=\"async\" width=\"960\" height=\"740\" class=\"wp-block-cover__image-background wp-image-464\" alt=\"\" src=\"https:\/\/liporca.com\/wp-content\/uploads\/2024\/07\/Grupo-11.png\" data-object-fit=\"cover\" srcset=\"https:\/\/liporca.com\/wp-content\/uploads\/2024\/07\/Grupo-11.png 960w, https:\/\/liporca.com\/wp-content\/uploads\/2024\/07\/Grupo-11-300x231.png 300w, https:\/\/liporca.com\/wp-content\/uploads\/2024\/07\/Grupo-11-768x592.png 768w, https:\/\/liporca.com\/wp-content\/uploads\/2024\/07\/Grupo-11-16x12.png 16w, https:\/\/liporca.com\/wp-content\/uploads\/2024\/07\/Grupo-11-600x463.png 600w\" sizes=\"auto, (max-width: 960px) 100vw, 960px\" \/><div class=\"wp-block-cover__inner-container is-layout-flow wp-container-core-cover-is-layout-1301f9f2 wp-block-cover-is-layout-flow\">\n<div class=\"wp-block-group sin-padding-tlf ocultar-tlf is-vertical is-nowrap is-layout-flex wp-container-core-group-is-layout-a292524a wp-block-group-is-layout-flex\" style=\"padding-right:8rem;padding-left:8rem\">\n<p class=\"has-text-align-left w-fit-content has-white-background-color has-text-color has-background has-link-color has-x-large-font-size wp-elements-151ddb6a7cc137cde6b8aa17af5f0563\" style=\"color:#0b2659;padding-top:0;padding-right:var(--wp--preset--spacing--20);padding-bottom:0;padding-left:var(--wp--preset--spacing--20);font-style:normal;font-weight:700\">SE A GLORIA TEN UN SABOR,<\/p>\n\n\n\n<p class=\"w-fit-content has-white-background-color has-text-color has-background has-link-color has-x-large-font-size wp-elements-033d0d368df1849500fe1f4fd4c567ea\" style=\"color:#0b2659;padding-top:0;padding-right:var(--wp--preset--spacing--20);padding-bottom:0;padding-left:var(--wp--preset--spacing--20);font-style:normal;font-weight:700\">DEBE PARECERSE A ISTO<\/p>\n<\/div>\n\n\n\n<div style=\"height:75px\" aria-hidden=\"true\" class=\"wp-block-spacer\"><\/div>\n\n\n\n<figure class=\"wp-block-image aligncenter size-full is-resized alinear-end\"><a href=\"#contenido\"><img loading=\"lazy\" decoding=\"async\" width=\"229\" height=\"123\" src=\"https:\/\/liporca.com\/wp-content\/uploads\/2024\/06\/Grupo-66.png\" alt=\"\" class=\"wp-image-288\" style=\"width:75px\" srcset=\"https:\/\/liporca.com\/wp-content\/uploads\/2024\/06\/Grupo-66.png 229w, https:\/\/liporca.com\/wp-content\/uploads\/2024\/06\/Grupo-66-18x10.png 18w\" sizes=\"auto, (max-width: 229px) 100vw, 229px\" \/><\/a><\/figure>\n<\/div><\/div>\n\n\n\n<div class=\"wp-block-cover\"><span aria-hidden=\"true\" class=\"wp-block-cover__background has-black-background-color has-background-dim-100 has-background-dim\"><\/span><div class=\"wp-block-cover__inner-container has-global-padding is-layout-constrained wp-container-core-cover-is-layout-4383d167 wp-block-cover-is-layout-constrained\">\n<div style=\"height:75px\" aria-hidden=\"true\" class=\"wp-block-spacer\"><\/div>\n\n\n\n<div class=\"wp-block-columns flex-column-1200 is-layout-flex wp-container-core-columns-is-layout-65c54e02 wp-block-columns-is-layout-flex\" style=\"padding-right:0;padding-left:0\">\n<div class=\"wp-block-column is-layout-flow wp-block-column-is-layout-flow\">\n<div class=\"wp-block-group is-vertical is-layout-flex wp-container-core-group-is-layout-fe9cc265 wp-block-group-is-layout-flex\">\n<p class=\"has-text-align-left w-fit-content text-24-420 has-white-background-color has-text-color has-background has-link-color wp-elements-3aa16ad529ea10a702e9d0aec8f3a936\" id=\"contenido\" style=\"color:#0b2659;padding-top:0;padding-right:var(--wp--preset--spacing--20);padding-bottom:0;padding-left:var(--wp--preset--spacing--20);font-size:32px;font-style:normal;font-weight:700\">CHEGAMOS PARA SER<\/p>\n\n\n\n<p class=\"has-text-align-left w-fit-content text-24-420 has-white-background-color has-text-color has-background has-link-color wp-elements-5265db027190737b3f3527cd57cfb101\" style=\"color:#0b2659;padding-top:0;padding-right:var(--wp--preset--spacing--20);padding-bottom:0;padding-left:var(--wp--preset--spacing--20);font-size:32px;font-style:normal;font-weight:700\">OS LICORES FAV DE<\/p>\n\n\n\n<p class=\"has-text-align-left w-fit-content text-24-420 has-white-background-color has-text-color has-background has-link-color wp-elements-24fb64ad91a49014652764fac0766ed7\" style=\"color:#0b2659;padding-top:0;padding-right:var(--wp--preset--spacing--20);padding-bottom:0;padding-left:var(--wp--preset--spacing--20);font-size:32px;font-style:normal;font-weight:700\">TODA UNHA XERACI\u00d3N<\/p>\n<\/div>\n<\/div>\n\n\n\n<div class=\"wp-block-column is-layout-flow wp-block-column-is-layout-flow\">\n<p>Liporca \u00e9 unha idea feita realidade que nace logo de curtirnos nos mellores bares e tabernas de Galicia, observando como os licores de sempre quedaban estancados en tradici\u00f3ns pasadas de moda.<\/p>\n\n\n\n<p>Chegamos para ser os licores fav de toda unha xeraci\u00f3n. Non queremos ser s\u00f3 o chupito da sobremesa familiar. Queremos acompa\u00f1arvos en moitos m\u00e1is momentos especiais, sexa cal sexa o teu mood: \ud83d\ude0f\ud83d\ude07\ud83c\udf3f\ud83d\udd25.<\/p>\n\n\n\n<p>Fixemos ducias de probas ata atopar o sabor perfecto usando produtos top e mesturando a produci\u00f3n tradicional co mellor do agora.<\/p>\n\n\n\n<p>O que che podemos asegurar \u00e9 que con cada pinga de Liporca que che baixe pola gorxa, desatarase unha fervenza de emoci\u00f3ns intensas. Queres comprobalo? \ud83d\ude09<\/p>\n<\/div>\n<\/div>\n<\/div><\/div>","protected":false},"excerpt":{"rendered":"","protected":false},"author":1,"featured_media":0,"parent":0,"menu_order":0,"comment_status":"closed","ping_status":"closed","template":"","meta":{"footnotes":""},"class_list":["post-84","page","type-page","status-publish","hentry"],"_links":{"self":[{"href":"https:\/\/liporca.com\/gl\/wp-json\/wp\/v2\/pages\/84","targetHints":{"allow":["GET"]}}],"collection":[{"href":"https:\/\/liporca.com\/gl\/wp-json\/wp\/v2\/pages"}],"about":[{"href":"https:\/\/liporca.com\/gl\/wp-json\/wp\/v2\/types\/page"}],"author":[{"embeddable":true,"href":"https:\/\/liporca.com\/gl\/wp-json\/wp\/v2\/users\/1"}],"replies":[{"embeddable":true,"href":"https:\/\/liporca.com\/gl\/wp-json\/wp\/v2\/comments?post=84"}],"version-history":[{"count":24,"href":"https:\/\/liporca.com\/gl\/wp-json\/wp\/v2\/pages\/84\/revisions"}],"predecessor-version":[{"id":671,"href":"https:\/\/liporca.com\/gl\/wp-json\/wp\/v2\/pages\/84\/revisions\/671"}],"wp:attachment":[{"href":"https:\/\/liporca.com\/gl\/wp-json\/wp\/v2\/media?parent=84"}],"curies":[{"name":"wp","href":"https:\/\/api.w.org\/{rel}","templated":true}]}}