{"id":274,"date":"2024-06-27T10:38:19","date_gmt":"2024-06-27T08:38:19","guid":{"rendered":"https:\/\/liporca.com\/?post_type=product&#038;p=274"},"modified":"2025-10-28T17:57:39","modified_gmt":"2025-10-28T16:57:39","slug":"licor-de-hierbas","status":"publish","type":"product","link":"https:\/\/liporca.com\/gl\/produto\/licor-de-hierbas\/","title":{"rendered":"Licor de herbas"},"content":{"rendered":"<p>El licor de hierbas de Liporca est\u00e1 hecho para volar. El pr\u00f3ximo viaje sensorial lo har\u00e1s con unas hierbas de calidad\ud83c\udf3f<\/p>","protected":false},"excerpt":{"rendered":"<p>El licor de hierbas de Liporca est\u00e1 hecho para volar. El pr\u00f3ximo viaje sensorial lo har\u00e1s con unas hierbas de calidad\ud83c\udf3f<\/p>","protected":false},"featured_media":275,"comment_status":"open","ping_status":"closed","template":"","meta":[],"product_brand":[],"product_cat":[29],"product_tag":[],"class_list":{"0":"post-274","1":"product","2":"type-product","3":"status-publish","4":"has-post-thumbnail","6":"product_cat-productos","8":"first","9":"instock","10":"purchasable","11":"product-type-simple"},"_links":{"self":[{"href":"https:\/\/liporca.com\/gl\/wp-json\/wp\/v2\/product\/274","targetHints":{"allow":["GET"]}}],"collection":[{"href":"https:\/\/liporca.com\/gl\/wp-json\/wp\/v2\/product"}],"about":[{"href":"https:\/\/liporca.com\/gl\/wp-json\/wp\/v2\/types\/product"}],"replies":[{"embeddable":true,"href":"https:\/\/liporca.com\/gl\/wp-json\/wp\/v2\/comments?post=274"}],"wp:featuredmedia":[{"embeddable":true,"href":"https:\/\/liporca.com\/gl\/wp-json\/wp\/v2\/media\/275"}],"wp:attachment":[{"href":"https:\/\/liporca.com\/gl\/wp-json\/wp\/v2\/media?parent=274"}],"wp:term":[{"taxonomy":"product_brand","embeddable":true,"href":"https:\/\/liporca.com\/gl\/wp-json\/wp\/v2\/product_brand?post=274"},{"taxonomy":"product_cat","embeddable":true,"href":"https:\/\/liporca.com\/gl\/wp-json\/wp\/v2\/product_cat?post=274"},{"taxonomy":"product_tag","embeddable":true,"href":"https:\/\/liporca.com\/gl\/wp-json\/wp\/v2\/product_tag?post=274"}],"curies":[{"name":"wp","href":"https:\/\/api.w.org\/{rel}","templated":true}]}}